{"id":10103,"date":"2023-04-19T10:01:55","date_gmt":"2023-04-19T10:01:55","guid":{"rendered":"https:\/\/www.dreamhabitat.com\/?page_id=10103"},"modified":"2025-11-13T13:39:59","modified_gmt":"2025-11-13T13:39:59","slug":"nos-marques","status":"publish","type":"page","link":"https:\/\/www.dreamhabitat.com\/en\/nos-marques\/","title":{"rendered":"OUR BRANDS"},"content":{"rendered":"<div data-elementor-type=\"wp-page\" data-elementor-id=\"10103\" class=\"elementor elementor-10103\" data-elementor-post-type=\"page\">\n\t\t\t\t\t\t<section class=\"elementor-section elementor-top-section elementor-element elementor-element-e17bd4f elementor-section-full_width elementor-section-height-default elementor-section-height-default qodef-elementor-content-no qodef-elementor-column-no\" data-id=\"e17bd4f\" data-element_type=\"section\" data-settings=\"{&quot;background_background&quot;:&quot;classic&quot;}\">\n\t\t\t\t\t\t<div class=\"elementor-container elementor-column-gap-default\">\n\t\t\t\t\t<div class=\"elementor-column elementor-col-100 elementor-top-column elementor-element elementor-element-64d8195 qodef-sticky-column--no\" data-id=\"64d8195\" data-element_type=\"column\">\n\t\t\t<div class=\"elementor-widget-wrap elementor-element-populated\">\n\t\t\t\t\t\t<div class=\"elementor-element elementor-element-63016f5 elementor-widget elementor-widget-heading\" data-id=\"63016f5\" data-element_type=\"widget\" data-widget_type=\"heading.default\">\n\t\t\t\t<div class=\"elementor-widget-container\">\n\t\t\t\t\t<p class=\"elementor-heading-title elementor-size-default\">Our brands<\/p>\t\t\t\t<\/div>\n\t\t\t\t<\/div>\n\t\t\t\t<div class=\"elementor-element elementor-element-cf8a370 elementor-widget elementor-widget-qi_addons_for_elementor_clients_list\" data-id=\"cf8a370\" data-element_type=\"widget\" data-widget_type=\"qi_addons_for_elementor_clients_list.default\">\n\t\t\t\t<div class=\"elementor-widget-container\">\n\t\t\t\t\t<div class=\"qodef-shortcode qodef-m qodef-qi-clients-list qodef-border--no qodef-qi-grid qodef-layout--qi-columns qodef-col-num--6 qodef-responsive--custom qodef-col-num--1680--3 qodef-col-num--1440--5 qodef-col-num--1366--5 qodef-col-num--1024--3 qodef-col-num--768--3 qodef-col-num--680--2 qodef-col-num--480--2\">\n\t<div class=\"qodef-grid-inner\">\n\t\t<div class=\"qodef-e qodef-grid-item\">\n\t<div class=\"qodef-e-inner\">\n\t\t\t\t<div class=\"qodef-e-images-holder\">\n\t\t\t\t\t\t\t<div class=\"qodef-e-main-image\">\n\t\t\t\t\t<img fetchpriority=\"high\" decoding=\"async\" width=\"459\" height=\"227\" src=\"https:\/\/www.dreamhabitat.com\/wp-content\/uploads\/2025\/07\/bb-italia.png\" class=\"attachment-full size-full\" alt=\"\" srcset=\"https:\/\/www.dreamhabitat.com\/wp-content\/uploads\/2025\/07\/bb-italia.png 459w, https:\/\/www.dreamhabitat.com\/wp-content\/uploads\/2025\/07\/bb-italia-300x148.png 300w, https:\/\/www.dreamhabitat.com\/wp-content\/uploads\/2025\/07\/bb-italia-18x9.png 18w\" sizes=\"(max-width: 459px) 100vw, 459px\" \/>\t\t\t\t<\/div>\n\t\t\t\t\t\t\t\t<\/div>\n\t\t\t\t\t\t\t\t\t<\/div>\n<\/div>\n<div class=\"qodef-e qodef-grid-item\">\n\t<div class=\"qodef-e-inner\">\n\t\t\t\t<div class=\"qodef-e-images-holder\">\n\t\t\t\t\t\t\t<div class=\"qodef-e-main-image\">\n\t\t\t\t\t<img decoding=\"async\" width=\"459\" height=\"227\" src=\"https:\/\/www.dreamhabitat.com\/wp-content\/uploads\/2025\/07\/maxalto.png\" class=\"attachment-full size-full\" alt=\"\" srcset=\"https:\/\/www.dreamhabitat.com\/wp-content\/uploads\/2025\/07\/maxalto.png 459w, https:\/\/www.dreamhabitat.com\/wp-content\/uploads\/2025\/07\/maxalto-300x148.png 300w, https:\/\/www.dreamhabitat.com\/wp-content\/uploads\/2025\/07\/maxalto-18x9.png 18w\" sizes=\"(max-width: 459px) 100vw, 459px\" \/>\t\t\t\t<\/div>\n\t\t\t\t\t\t\t\t<\/div>\n\t\t\t\t\t\t\t\t\t<\/div>\n<\/div>\n<div class=\"qodef-e qodef-grid-item\">\n\t<div class=\"qodef-e-inner\">\n\t\t\t\t<div class=\"qodef-e-images-holder\">\n\t\t\t\t\t\t\t<div class=\"qodef-e-main-image\">\n\t\t\t\t\t<img decoding=\"async\" width=\"459\" height=\"227\" src=\"https:\/\/www.dreamhabitat.com\/wp-content\/uploads\/2023\/05\/Arclinea.png\" class=\"attachment-full size-full\" alt=\"\" srcset=\"https:\/\/www.dreamhabitat.com\/wp-content\/uploads\/2023\/05\/Arclinea.png 459w, https:\/\/www.dreamhabitat.com\/wp-content\/uploads\/2023\/05\/Arclinea-300x148.png 300w\" sizes=\"(max-width: 459px) 100vw, 459px\" \/>\t\t\t\t<\/div>\n\t\t\t\t\t\t\t\t<\/div>\n\t\t\t\t\t\t\t\t\t<\/div>\n<\/div>\n<div class=\"qodef-e qodef-grid-item\">\n\t<div class=\"qodef-e-inner\">\n\t\t\t\t<div class=\"qodef-e-images-holder\">\n\t\t\t\t\t\t\t<div class=\"qodef-e-main-image\">\n\t\t\t\t\t<img loading=\"lazy\" decoding=\"async\" width=\"459\" height=\"227\" src=\"https:\/\/www.dreamhabitat.com\/wp-content\/uploads\/2023\/05\/Farrow-and-Ball.png\" class=\"attachment-full size-full\" alt=\"\" srcset=\"https:\/\/www.dreamhabitat.com\/wp-content\/uploads\/2023\/05\/Farrow-and-Ball.png 459w, https:\/\/www.dreamhabitat.com\/wp-content\/uploads\/2023\/05\/Farrow-and-Ball-300x148.png 300w\" sizes=\"(max-width: 459px) 100vw, 459px\" \/>\t\t\t\t<\/div>\n\t\t\t\t\t\t\t\t<\/div>\n\t\t\t\t\t\t\t\t\t<\/div>\n<\/div>\n<div class=\"qodef-e qodef-grid-item\">\n\t<div class=\"qodef-e-inner\">\n\t\t\t\t<div class=\"qodef-e-images-holder\">\n\t\t\t\t\t\t\t<div class=\"qodef-e-main-image\">\n\t\t\t\t\t<img loading=\"lazy\" decoding=\"async\" width=\"459\" height=\"227\" src=\"https:\/\/www.dreamhabitat.com\/wp-content\/uploads\/2023\/05\/Porro.png\" class=\"attachment-full size-full\" alt=\"\" srcset=\"https:\/\/www.dreamhabitat.com\/wp-content\/uploads\/2023\/05\/Porro.png 459w, https:\/\/www.dreamhabitat.com\/wp-content\/uploads\/2023\/05\/Porro-300x148.png 300w\" sizes=\"(max-width: 459px) 100vw, 459px\" \/>\t\t\t\t<\/div>\n\t\t\t\t\t\t\t\t<\/div>\n\t\t\t\t\t\t\t\t\t<\/div>\n<\/div>\n<div class=\"qodef-e qodef-grid-item\">\n\t<div class=\"qodef-e-inner\">\n\t\t\t\t<div class=\"qodef-e-images-holder\">\n\t\t\t\t\t\t\t<div class=\"qodef-e-main-image\">\n\t\t\t\t\t<img loading=\"lazy\" decoding=\"async\" width=\"459\" height=\"227\" src=\"https:\/\/www.dreamhabitat.com\/wp-content\/uploads\/2023\/05\/Moroso.png\" class=\"attachment-full size-full\" alt=\"\" srcset=\"https:\/\/www.dreamhabitat.com\/wp-content\/uploads\/2023\/05\/Moroso.png 459w, https:\/\/www.dreamhabitat.com\/wp-content\/uploads\/2023\/05\/Moroso-300x148.png 300w\" sizes=\"(max-width: 459px) 100vw, 459px\" \/>\t\t\t\t<\/div>\n\t\t\t\t\t\t\t\t<\/div>\n\t\t\t\t\t\t\t\t\t<\/div>\n<\/div>\n<div class=\"qodef-e qodef-grid-item\">\n\t<div class=\"qodef-e-inner\">\n\t\t\t\t<div class=\"qodef-e-images-holder\">\n\t\t\t\t\t\t\t<div class=\"qodef-e-main-image\">\n\t\t\t\t\t<img loading=\"lazy\" decoding=\"async\" width=\"459\" height=\"227\" src=\"https:\/\/www.dreamhabitat.com\/wp-content\/uploads\/2023\/05\/Occhio.png\" class=\"attachment-full size-full\" alt=\"\" srcset=\"https:\/\/www.dreamhabitat.com\/wp-content\/uploads\/2023\/05\/Occhio.png 459w, https:\/\/www.dreamhabitat.com\/wp-content\/uploads\/2023\/05\/Occhio-300x148.png 300w\" sizes=\"(max-width: 459px) 100vw, 459px\" \/>\t\t\t\t<\/div>\n\t\t\t\t\t\t\t\t<\/div>\n\t\t\t\t\t\t\t\t\t<\/div>\n<\/div>\n<div class=\"qodef-e qodef-grid-item\">\n\t<div class=\"qodef-e-inner\">\n\t\t\t\t<div class=\"qodef-e-images-holder\">\n\t\t\t\t\t\t\t<div class=\"qodef-e-main-image\">\n\t\t\t\t\t<img loading=\"lazy\" decoding=\"async\" width=\"459\" height=\"227\" src=\"https:\/\/www.dreamhabitat.com\/wp-content\/uploads\/2023\/05\/Flos.png\" class=\"attachment-full size-full\" alt=\"\" srcset=\"https:\/\/www.dreamhabitat.com\/wp-content\/uploads\/2023\/05\/Flos.png 459w, https:\/\/www.dreamhabitat.com\/wp-content\/uploads\/2023\/05\/Flos-300x148.png 300w\" sizes=\"(max-width: 459px) 100vw, 459px\" \/>\t\t\t\t<\/div>\n\t\t\t\t\t\t\t\t<\/div>\n\t\t\t\t\t\t\t\t\t<\/div>\n<\/div>\n<div class=\"qodef-e qodef-grid-item\">\n\t<div class=\"qodef-e-inner\">\n\t\t\t\t<div class=\"qodef-e-images-holder\">\n\t\t\t\t\t\t\t<div class=\"qodef-e-main-image\">\n\t\t\t\t\t<img loading=\"lazy\" decoding=\"async\" width=\"459\" height=\"227\" src=\"https:\/\/www.dreamhabitat.com\/wp-content\/uploads\/2023\/05\/Cctapis.png\" class=\"attachment-full size-full\" alt=\"\" srcset=\"https:\/\/www.dreamhabitat.com\/wp-content\/uploads\/2023\/05\/Cctapis.png 459w, https:\/\/www.dreamhabitat.com\/wp-content\/uploads\/2023\/05\/Cctapis-300x148.png 300w\" sizes=\"(max-width: 459px) 100vw, 459px\" \/>\t\t\t\t<\/div>\n\t\t\t\t\t\t\t\t<\/div>\n\t\t\t\t\t\t\t\t\t<\/div>\n<\/div>\n<div class=\"qodef-e qodef-grid-item\">\n\t<div class=\"qodef-e-inner\">\n\t\t\t\t<div class=\"qodef-e-images-holder\">\n\t\t\t\t\t\t\t<div class=\"qodef-e-main-image\">\n\t\t\t\t\t<img loading=\"lazy\" decoding=\"async\" width=\"459\" height=\"227\" src=\"https:\/\/www.dreamhabitat.com\/wp-content\/uploads\/2023\/05\/arte.png\" class=\"attachment-full size-full\" alt=\"\" srcset=\"https:\/\/www.dreamhabitat.com\/wp-content\/uploads\/2023\/05\/arte.png 459w, https:\/\/www.dreamhabitat.com\/wp-content\/uploads\/2023\/05\/arte-300x148.png 300w\" sizes=\"(max-width: 459px) 100vw, 459px\" \/>\t\t\t\t<\/div>\n\t\t\t\t\t\t\t\t<\/div>\n\t\t\t\t\t\t\t\t\t<\/div>\n<\/div>\n<div class=\"qodef-e qodef-grid-item\">\n\t<div class=\"qodef-e-inner\">\n\t\t\t\t<div class=\"qodef-e-images-holder\">\n\t\t\t\t\t\t\t<div class=\"qodef-e-main-image\">\n\t\t\t\t\t<img loading=\"lazy\" decoding=\"async\" width=\"459\" height=\"227\" src=\"https:\/\/www.dreamhabitat.com\/wp-content\/uploads\/2023\/05\/Orac-decor.png\" class=\"attachment-full size-full\" alt=\"\" srcset=\"https:\/\/www.dreamhabitat.com\/wp-content\/uploads\/2023\/05\/Orac-decor.png 459w, https:\/\/www.dreamhabitat.com\/wp-content\/uploads\/2023\/05\/Orac-decor-300x148.png 300w\" sizes=\"(max-width: 459px) 100vw, 459px\" \/>\t\t\t\t<\/div>\n\t\t\t\t\t\t\t\t<\/div>\n\t\t\t\t\t\t\t\t\t<\/div>\n<\/div>\n<div class=\"qodef-e qodef-grid-item\">\n\t<div class=\"qodef-e-inner\">\n\t\t\t\t<div class=\"qodef-e-images-holder\">\n\t\t\t\t\t\t\t<div class=\"qodef-e-main-image\">\n\t\t\t\t\t<img loading=\"lazy\" decoding=\"async\" width=\"459\" height=\"227\" src=\"https:\/\/www.dreamhabitat.com\/wp-content\/uploads\/2023\/05\/casabath.png\" class=\"attachment-full size-full\" alt=\"\" srcset=\"https:\/\/www.dreamhabitat.com\/wp-content\/uploads\/2023\/05\/casabath.png 459w, https:\/\/www.dreamhabitat.com\/wp-content\/uploads\/2023\/05\/casabath-300x148.png 300w\" sizes=\"(max-width: 459px) 100vw, 459px\" \/>\t\t\t\t<\/div>\n\t\t\t\t\t\t\t\t<\/div>\n\t\t\t\t\t\t\t\t\t<\/div>\n<\/div>\n<div class=\"qodef-e qodef-grid-item\">\n\t<div class=\"qodef-e-inner\">\n\t\t\t\t<div class=\"qodef-e-images-holder\">\n\t\t\t\t\t\t\t<div class=\"qodef-e-main-image\">\n\t\t\t\t\t<img loading=\"lazy\" decoding=\"async\" width=\"459\" height=\"227\" src=\"https:\/\/www.dreamhabitat.com\/wp-content\/uploads\/2023\/05\/Classicon.png\" class=\"attachment-full size-full\" alt=\"\" srcset=\"https:\/\/www.dreamhabitat.com\/wp-content\/uploads\/2023\/05\/Classicon.png 459w, https:\/\/www.dreamhabitat.com\/wp-content\/uploads\/2023\/05\/Classicon-300x148.png 300w\" sizes=\"(max-width: 459px) 100vw, 459px\" \/>\t\t\t\t<\/div>\n\t\t\t\t\t\t\t\t<\/div>\n\t\t\t\t\t\t\t\t\t<\/div>\n<\/div>\n\t<\/div>\n<\/div>\n\t\t\t\t<\/div>\n\t\t\t\t<\/div>\n\t\t\t\t\t<\/div>\n\t\t<\/div>\n\t\t\t\t\t<\/div>\n\t\t<\/section>\n\t\t\t\t<\/div>","protected":false},"excerpt":{"rendered":"<p>Our brands<\/p>","protected":false},"author":1,"featured_media":0,"parent":0,"menu_order":0,"comment_status":"closed","ping_status":"closed","template":"page-full-width.php","meta":{"footnotes":""},"class_list":["post-10103","page","type-page","status-publish","hentry"],"yoast_head":"<!-- This site is optimized with the Yoast SEO plugin v25.4 - https:\/\/yoast.com\/wordpress\/plugins\/seo\/ -->\n<title>NOS MARQUES - Dream Habitat<\/title>\n<meta name=\"description\" content=\"S\u00e9lection de nos plus belles r\u00e9f\u00e9rences...\" \/>\n<meta name=\"robots\" content=\"index, follow, max-snippet:-1, max-image-preview:large, max-video-preview:-1\" \/>\n<link rel=\"canonical\" href=\"https:\/\/www.dreamhabitat.com\/en\/nos-marques\/\" \/>\n<meta property=\"og:locale\" content=\"en_GB\" \/>\n<meta property=\"og:type\" content=\"article\" \/>\n<meta property=\"og:title\" content=\"NOS MARQUES - Dream Habitat\" \/>\n<meta property=\"og:description\" content=\"S\u00e9lection de nos plus belles r\u00e9f\u00e9rences...\" \/>\n<meta property=\"og:url\" content=\"https:\/\/www.dreamhabitat.com\/en\/nos-marques\/\" \/>\n<meta property=\"og:site_name\" content=\"Dream Habitat\" \/>\n<meta property=\"article:modified_time\" content=\"2025-11-13T13:39:59+00:00\" \/>\n<meta property=\"og:image\" content=\"https:\/\/www.dreamhabitat.com\/wp-content\/uploads\/2025\/07\/bb-italia.png\" \/>\n<meta name=\"twitter:card\" content=\"summary_large_image\" \/>\n<meta name=\"twitter:label1\" content=\"Estimated reading time\" \/>\n\t<meta name=\"twitter:data1\" content=\"3 minutes\" \/>\n<script type=\"application\/ld+json\" class=\"yoast-schema-graph\">{\"@context\":\"https:\/\/schema.org\",\"@graph\":[{\"@type\":\"WebPage\",\"@id\":\"https:\/\/www.dreamhabitat.com\/nos-marques\/\",\"url\":\"https:\/\/www.dreamhabitat.com\/nos-marques\/\",\"name\":\"NOS MARQUES - Dream Habitat\",\"isPartOf\":{\"@id\":\"https:\/\/www.dreamhabitat.com\/#website\"},\"primaryImageOfPage\":{\"@id\":\"https:\/\/www.dreamhabitat.com\/nos-marques\/#primaryimage\"},\"image\":{\"@id\":\"https:\/\/www.dreamhabitat.com\/nos-marques\/#primaryimage\"},\"thumbnailUrl\":\"https:\/\/www.dreamhabitat.com\/wp-content\/uploads\/2025\/07\/bb-italia.png\",\"datePublished\":\"2023-04-19T10:01:55+00:00\",\"dateModified\":\"2025-11-13T13:39:59+00:00\",\"description\":\"S\u00e9lection de nos plus belles r\u00e9f\u00e9rences...\",\"breadcrumb\":{\"@id\":\"https:\/\/www.dreamhabitat.com\/nos-marques\/#breadcrumb\"},\"inLanguage\":\"en-GB\",\"potentialAction\":[{\"@type\":\"ReadAction\",\"target\":[\"https:\/\/www.dreamhabitat.com\/nos-marques\/\"]}]},{\"@type\":\"ImageObject\",\"inLanguage\":\"en-GB\",\"@id\":\"https:\/\/www.dreamhabitat.com\/nos-marques\/#primaryimage\",\"url\":\"https:\/\/www.dreamhabitat.com\/wp-content\/uploads\/2025\/07\/bb-italia.png\",\"contentUrl\":\"https:\/\/www.dreamhabitat.com\/wp-content\/uploads\/2025\/07\/bb-italia.png\"},{\"@type\":\"BreadcrumbList\",\"@id\":\"https:\/\/www.dreamhabitat.com\/nos-marques\/#breadcrumb\",\"itemListElement\":[{\"@type\":\"ListItem\",\"position\":1,\"name\":\"Accueil\",\"item\":\"https:\/\/www.dreamhabitat.com\/\"},{\"@type\":\"ListItem\",\"position\":2,\"name\":\"NOS MARQUES\"}]},{\"@type\":\"WebSite\",\"@id\":\"https:\/\/www.dreamhabitat.com\/#website\",\"url\":\"https:\/\/www.dreamhabitat.com\/\",\"name\":\"Dream Habitat\",\"description\":\"\",\"potentialAction\":[{\"@type\":\"SearchAction\",\"target\":{\"@type\":\"EntryPoint\",\"urlTemplate\":\"https:\/\/www.dreamhabitat.com\/?s={search_term_string}\"},\"query-input\":{\"@type\":\"PropertyValueSpecification\",\"valueRequired\":true,\"valueName\":\"search_term_string\"}}],\"inLanguage\":\"en-GB\"}]}<\/script>\n<!-- \/ Yoast SEO plugin. -->","yoast_head_json":{"title":"NOS MARQUES - Dream Habitat","description":"S\u00e9lection de nos plus belles r\u00e9f\u00e9rences...","robots":{"index":"index","follow":"follow","max-snippet":"max-snippet:-1","max-image-preview":"max-image-preview:large","max-video-preview":"max-video-preview:-1"},"canonical":"https:\/\/www.dreamhabitat.com\/en\/nos-marques\/","og_locale":"en_GB","og_type":"article","og_title":"NOS MARQUES - Dream Habitat","og_description":"S\u00e9lection de nos plus belles r\u00e9f\u00e9rences...","og_url":"https:\/\/www.dreamhabitat.com\/en\/nos-marques\/","og_site_name":"Dream Habitat","article_modified_time":"2025-11-13T13:39:59+00:00","og_image":[{"url":"https:\/\/www.dreamhabitat.com\/wp-content\/uploads\/2025\/07\/bb-italia.png","type":"","width":"","height":""}],"twitter_card":"summary_large_image","twitter_misc":{"Estimated reading time":"3 minutes"},"schema":{"@context":"https:\/\/schema.org","@graph":[{"@type":"WebPage","@id":"https:\/\/www.dreamhabitat.com\/nos-marques\/","url":"https:\/\/www.dreamhabitat.com\/nos-marques\/","name":"NOS MARQUES - Dream Habitat","isPartOf":{"@id":"https:\/\/www.dreamhabitat.com\/#website"},"primaryImageOfPage":{"@id":"https:\/\/www.dreamhabitat.com\/nos-marques\/#primaryimage"},"image":{"@id":"https:\/\/www.dreamhabitat.com\/nos-marques\/#primaryimage"},"thumbnailUrl":"https:\/\/www.dreamhabitat.com\/wp-content\/uploads\/2025\/07\/bb-italia.png","datePublished":"2023-04-19T10:01:55+00:00","dateModified":"2025-11-13T13:39:59+00:00","description":"S\u00e9lection de nos plus belles r\u00e9f\u00e9rences...","breadcrumb":{"@id":"https:\/\/www.dreamhabitat.com\/nos-marques\/#breadcrumb"},"inLanguage":"en-GB","potentialAction":[{"@type":"ReadAction","target":["https:\/\/www.dreamhabitat.com\/nos-marques\/"]}]},{"@type":"ImageObject","inLanguage":"en-GB","@id":"https:\/\/www.dreamhabitat.com\/nos-marques\/#primaryimage","url":"https:\/\/www.dreamhabitat.com\/wp-content\/uploads\/2025\/07\/bb-italia.png","contentUrl":"https:\/\/www.dreamhabitat.com\/wp-content\/uploads\/2025\/07\/bb-italia.png"},{"@type":"BreadcrumbList","@id":"https:\/\/www.dreamhabitat.com\/nos-marques\/#breadcrumb","itemListElement":[{"@type":"ListItem","position":1,"name":"Accueil","item":"https:\/\/www.dreamhabitat.com\/"},{"@type":"ListItem","position":2,"name":"NOS MARQUES"}]},{"@type":"WebSite","@id":"https:\/\/www.dreamhabitat.com\/#website","url":"https:\/\/www.dreamhabitat.com\/","name":"Dream Habitat","description":"","potentialAction":[{"@type":"SearchAction","target":{"@type":"EntryPoint","urlTemplate":"https:\/\/www.dreamhabitat.com\/?s={search_term_string}"},"query-input":{"@type":"PropertyValueSpecification","valueRequired":true,"valueName":"search_term_string"}}],"inLanguage":"en-GB"}]}},"_links":{"self":[{"href":"https:\/\/www.dreamhabitat.com\/en\/wp-json\/wp\/v2\/pages\/10103","targetHints":{"allow":["GET"]}}],"collection":[{"href":"https:\/\/www.dreamhabitat.com\/en\/wp-json\/wp\/v2\/pages"}],"about":[{"href":"https:\/\/www.dreamhabitat.com\/en\/wp-json\/wp\/v2\/types\/page"}],"author":[{"embeddable":true,"href":"https:\/\/www.dreamhabitat.com\/en\/wp-json\/wp\/v2\/users\/1"}],"replies":[{"embeddable":true,"href":"https:\/\/www.dreamhabitat.com\/en\/wp-json\/wp\/v2\/comments?post=10103"}],"version-history":[{"count":181,"href":"https:\/\/www.dreamhabitat.com\/en\/wp-json\/wp\/v2\/pages\/10103\/revisions"}],"predecessor-version":[{"id":12165,"href":"https:\/\/www.dreamhabitat.com\/en\/wp-json\/wp\/v2\/pages\/10103\/revisions\/12165"}],"wp:attachment":[{"href":"https:\/\/www.dreamhabitat.com\/en\/wp-json\/wp\/v2\/media?parent=10103"}],"curies":[{"name":"wp","href":"https:\/\/api.w.org\/{rel}","templated":true}]}}